{"id":3045,"date":"2025-04-24T11:04:37","date_gmt":"2025-04-24T09:04:37","guid":{"rendered":"https:\/\/vakantiehuis-in-dordogne.nl\/faciliteiten\/"},"modified":"2026-04-09T13:08:34","modified_gmt":"2026-04-09T11:08:34","slug":"facilities","status":"publish","type":"page","link":"https:\/\/vakantiehuis-in-dordogne.nl\/en\/facilities\/","title":{"rendered":"Facilities"},"content":{"rendered":"<div class=\"wpb-content-wrapper\">[vc_row][vc_column width=&#8221;2\/3&#8243;][vc_column_text animation_delay=&#8221;0&#8243; css=&#8221;&#8221;]\n<table border=\"0\" width=\"530\" cellspacing=\"1\" cellpadding=\"2\">\n<tbody>\n<tr class=\"vrij\">\n<td align=\"left\" width=\"87\">Number of guests<\/td>\n<td align=\"left\" width=\"217\">1-6 people +baby\/toddler<\/td>\n<\/tr>\n<tr class=\"vrij\">\n<td align=\"left\" width=\"87\">Bedrooms<\/td>\n<td align=\"left\" width=\"217\">3<\/td>\n<\/tr>\n<tr class=\"vrij\">\n<td align=\"left\" width=\"87\">Beds<\/td>\n<td align=\"left\" width=\"217\">5 x single beds, 1 bunk bed with double bed (2 persons 120&#215;200 cm) and 1 single bed(1 person 190&#215;90 cm), 2x toddlercrib<\/td>\n<\/tr>\n<tr class=\"vrij\">\n<td align=\"left\" width=\"87\">Bed linens<\/td>\n<td align=\"left\" width=\"217\">included<\/td>\n<\/tr>\n<tr class=\"vrij\">\n<td align=\"left\" width=\"87\">Heating<\/td>\n<td align=\"left\" width=\"217\">Electric heating and wood stove<\/td>\n<\/tr>\n<tr class=\"vrij\">\n<td align=\"left\">Television<\/td>\n<td align=\"left\">Satellite tv with digital channels &amp; Dutch programming Astra 19,2\/23,5<\/td>\n<\/tr>\n<tr class=\"kop\">\n<td align=\"left\" width=\"87\">Phone<\/td>\n<td align=\"left\" width=\"217\">No<\/td>\n<\/tr>\n<tr class=\"vrij\">\n<td align=\"left\" width=\"87\">Coffeemachine<\/p>\n<p>Washing machine<\/td>\n<td align=\"left\" width=\"217\">Yes and also a Nespressomachine<\/p>\n<p>Yes<\/td>\n<\/tr>\n<tr class=\"vrij\">\n<td align=\"left\" width=\"87\">Dryer<\/td>\n<td align=\"left\" width=\"217\">No<\/td>\n<\/tr>\n<tr class=\"vrij\">\n<td align=\"left\" width=\"87\">Dishwasher<\/td>\n<td align=\"left\" width=\"217\">Yes<\/td>\n<\/tr>\n<tr class=\"vrij\">\n<td align=\"left\" width=\"87\">Swimming Pool<\/td>\n<td align=\"left\" width=\"217\">Yes, heated with salt water 6-11 m.<\/td>\n<\/tr>\n<tr class=\"vrij\">\n<td align=\"left\" width=\"87\">Pets<\/td>\n<td align=\"left\" width=\"217\">No<\/td>\n<\/tr>\n<tr class=\"vrij\">\n<td align=\"left\" width=\"87\">Wifi<\/td>\n<td align=\"left\" width=\"217\">Yes, with a Devolo adapter type: dLAN 1200+.<\/td>\n<\/tr>\n<tr class=\"vrij\">\n<td align=\"left\" width=\"87\">High chair<\/td>\n<td align=\"left\" width=\"217\">Yes<\/td>\n<\/tr>\n<tr class=\"vrij\">\n<td align=\"left\" width=\"87\">Crib<\/td>\n<td align=\"left\" width=\"217\">Yes<\/td>\n<\/tr>\n<tr class=\"vrij\">\n<td align=\"left\" width=\"87\">Bathroom<\/td>\n<td align=\"left\" width=\"217\">1 with double sink, shower and toilet<\/td>\n<\/tr>\n<tr class=\"vrij\">\n<td align=\"left\" width=\"87\">Sinks<\/td>\n<td align=\"left\" width=\"217\">3 sinks with hot\/cold water in bedrooms<\/td>\n<\/tr>\n<tr class=\"vrij\">\n<td align=\"left\" width=\"87\">Towels<\/td>\n<td align=\"left\" width=\"217\">included, bring your own towel for the swimmingpool<\/td>\n<\/tr>\n<\/tbody>\n<\/table>\n[\/vc_column_text][\/vc_column][vc_column width=&#8221;1\/3&#8243;][vc_column_text animation_delay=&#8221;0&#8243; css=&#8221;&#8221;]\n<h3>Guestbook<\/h3>\n<div class=\"sidecontent\">\n<p><em>Our guests had left their experiences in the guestbook. Here you can read some reviews:<\/em><\/p>\n<p><em>Excellent s\u00e9jour ! Nel et Ren\u00e9 sont des h\u00f4tes exceptionnels, charmants et tr\u00e8s attentionn\u00e9s . Pleins de d\u00e9licates attentions : vin. Jus, g\u00e2teau, noix&#8230; Maison bien \u00e9quip\u00e9e ! Je recommande vivement ! Isabelle Bochu\u00a0 okt.2021<\/em><\/p>\n<p>tr\u00e8s jolie coin de paradis o\u00f9 on peut se d\u00e9tendre dans un cadre magnifique ou au bord de la piscine. Les h\u00f4tes sont charmant et attentionn\u00e9s, tr\u00e8s disponible en cas de besoin. je recommande cette adresse\u00a0 Francois Delage mei 2021<\/p>\n<div class=\"headline\"><em>Magnifique maison avec piscine et propri\u00e9taires adorables<\/em><\/div>\n<div class=\"body\"><em>Rien ne manque ici Tr\u00e8s jolie maison parfaitement situ\u00e9e pour qui aime le calme , tr\u00e8s proche de Montignac \/ Lascaux Nel et Ren\u00e9 sont tr\u00e8s pr\u00e9venants , discrets et disponibles Un d\u00e9licieux g\u00e2teau, une non moins d\u00e9licieuse confiture ( faits maison ) , accompagn\u00e9s d\u2019un petit ros\u00e9 bien frais nous attendaient \u00e0 notre arriv\u00e9e . La piscine est grande, tr\u00e8s bien expos\u00e9e et parfaitement \u00e9quip\u00e9e, avec r\u00e9frig\u00e9rateur , tr\u00e8s jolie table abrit\u00e9e du soleil \u2026 Nb. Nous sommes des fid\u00e8les d\u2019 Abritel , et pouvons vous assurer du caract\u00e8re exceptionnel de cette demeure . aug.2021<\/em><\/div>\n<div class=\"body\"><em>Francois Sala\u00fcn<\/em><\/div>\n<div class=\"body\"><\/div>\n<div class=\"body\"><\/div>\n<p>J<em>&#8216;ai pass\u00e9 de tr\u00e8s bon sejour ici, j&#8217;ai ador\u00e9 la piscine, le grand jardin et la belle maison. Cette maison est gigantesque et trop g\u00e9nial.\u00a0 A. Flontron (15 jaar) aug. 2019<\/em><\/p>\n<p>We hebben hier onze warmste week beleefd; zowel wat het ontvangst betreft als het weer! Het zwembad was onze beste bondgenoot, zalig verkoelend met een prachtig zicht op de mooie tuin. Onze drie kinderen konden hiernaar hartenlust spelen, springen, duiken, genieten &#8230;. en wij ook natuurlijk! Dank voor de vele tips. De grotten van Lascaux waren adembenemend mooi. Fam. Hendrix juli 2019<\/p>\n<p><em>Tout comme l&#8217;an dernier, nous alons pass\u00e9 des vacances formidables chez vous. Les enfants est ador\u00eb jouer dans le piscine et Constace a appris \u00e0 nager! Nous avons continu\u00e9 \u00e0 visiter cette superbe r\u00e9gion et nous ne nous en lamens pas. Qui sait, vous nous reverrez peut-etre l&#8217;\u00e9te prochain? Merci encore pour votre accueil et gentilesse Fam. Mestric juli 2019<\/em><\/p>\n<p>Ik vind het hier super leuk, ik zou hier wel elke vakantie willen komen en ik vond het heel leuk dat er hertjes in de tuin zaten en het super mooie zwembad ga ik nooit vergeten. Lena Hendrix 12 jr. juli 2019<\/p>\n<p><em>&#8220;Een tien met een griffel&#8221;!\u00a0<\/em>Wat hebben we hier genoten met ons gezin van jullie fantastische huis en enorme gastvrijheid. Aan alles is gedacht; tot in detail. We zijn verliefd geworden op dit prachtige plekje. Rust, krekels,vogels,wild&#8230; Wat een werk hebben jullie hieraan gehad. Petje af! We komen zeker nog een keer terug naar dit &#8220;paradijsje op aarde&#8221;. Eigenlijk willen we hier blijven&#8230;.. Fam Ridders juli 2019<\/p>\n<p><em>Votre maison est magnifique. Nous avons pu decouvrir votre belle region. Nous avons pu passer de belles fetes, Merci. dec.2018 Jeva,Pierre, Clo\u00e9, Popof, Liga et Baptiste<\/em><\/p>\n<p>Trop bien, accueil magnifique, trop bon gateaux, je voudrais acheter la maison! Paul (enfant) nov.2018<\/p>\n<p><em>We have such a wonderful holiday here, the swimmingpool was just perfect for our lilo races and an evening swim just seemed like heaven! Ren\u00e9 and Nel we want to thank you from the top of our heads right down to our toes; you have been so kind and welcoming we felt like we were home.\u00a0 Dawn and Jake and children augustus 2018<\/em><\/p>\n<p>En dan is het zomaar onze laatste avond in de Dordogne. Met toch een kleine brok in onze keel verlaten wij morgen jullie prachtige huis. Een huis waarvan wij met volle teugen hebben genoten en waar wij ons vanaf dag 1 heel welkom hebben gevoeld. We hebben geen andere woorden als &#8220;t was hier fantastisch&#8221;Wij komen zeker nog eens terug! Fam. Schouten juli 2018<\/p>\n<p><em>Superbe grottes de Lascaux! Super piscine et bonne \u00e9quipement. Lits tr\u00e8s comfortablent, une super balencoire et super vue.\u00a0 \u00a0Nicolas et Estelle (enfants) juli 2018<\/em><\/p>\n<p>Merci Nel et Ren\u00e9 pour ce s\u00e9jour si agr\u00e9able. La maison est comfortable et accueillante, les enfants se sont r\u00e9gales du jardin et de la piscine. Encore de beaux souvenirs \u00e0 ajouter \u00e0 eux d\u00e9ja associes \u00e0 cette r\u00e9gion.\u00a0Amicalement fam. Sonjon mei 2018<\/p>\n<p><em>We hebben genoten van ons verblijf in La Garenne en jullie gastvrijheid. We komen graag een keer terug! Rogier, Caroline, Jet, Tycho en Hedwig juli 2017<\/em><\/p>\n<p>Ce fut un v\u00e9ritable plaisir de r\u00e9journer dans votre maison et nous vous remercions de votre accueil chaleureux. Nous avons beaucoup appr\u00e9ci\u00e9 la r\u00e9gion et le temps fut de la partie.\u00a0 Fam. Dell&#8217;Acqua februari 2017<\/p>\n<p><em>Merci pour cet agr\u00e9able s\u00e9jour pass\u00e9 dans votre belle maison. Nous avons d\u00e9couvert une magnifique r\u00e9gion. Et quel bonheur de pouvoir se baigner dan la piscine apr\u00e8s une journ\u00e9e bien remplie! Merci Ren\u00e9 et Nel pour votre accueil et les charmantes attentions \u00e0 notre arriv\u00e9e et aussi durant cette semaine. Celine, Marc, Malteo, Lou et Eliott juli 2016<\/em><\/p>\n<p>We hebben genoten! Een verblijf in La Garenne staat garant voor ontspanning en vrijheid. Lekker relaxen op het\u00a0terras, met\u00a0een duik in het zwembad en een drankje uit de koelkast. De woning biedt alle comfort en de bedden slapen heerlijk. Gastvrouw Nel en gastheer Ren\u00e9 weten veel over de omgeving te vertellen, zodat je er ook gericht op uit kunt om te genieten van al het moois dat de Perigord Noir en omliggende regio&#8217;s te bieden hebben. Een aanrader! Fam. Gooijer mei 2016<\/p>\n<p><em>Un grand merci Nel et Ren\u00e9 pour votre accueil si chaleureux! Nous avons pass\u00e9 un excellent s\u00e9jour! Excellent gateau! Votre gite est magnifique et id\u00e9olement plac\u00e9 \u00e0 proximit\u00e9 des lieux d&#8217;inter\u00eats. Groupe d&#8221;amis \u00a0sept.2015<\/em><\/p>\n<\/div>\n[\/vc_column_text][\/vc_column][\/vc_row]\n<\/div>","protected":false},"excerpt":{"rendered":"<p>[vc_row][vc_column width=&#8221;2\/3&#8243;][vc_column_text animation_delay=&#8221;0&#8243; css=&#8221;&#8221;] Number of guests 1-6 people +baby\/toddler Bedrooms 3 Beds 5 x single beds, 1 bunk bed with double bed (2 persons 120&#215;200 cm) and 1 single bed(1 person 190&#215;90 cm), 2x toddlercrib Bed linens included Heating Electric heating and wood stove Television Satellite tv with digital channels &amp; Dutch programming Astra [&hellip;]<\/p>\n","protected":false},"author":1,"featured_media":0,"parent":0,"menu_order":0,"comment_status":"closed","ping_status":"closed","template":"page-vc.php","meta":{"footnotes":""},"class_list":["post-3045","page","type-page","status-publish","hentry"],"yoast_head":"<!-- This site is optimized with the Yoast SEO plugin v27.5 - https:\/\/yoast.com\/product\/yoast-seo-wordpress\/ -->\n<title>Facilities - Vakantiehuis in Dordogne: La Garenne<\/title>\n<meta name=\"robots\" content=\"index, follow, max-snippet:-1, max-image-preview:large, max-video-preview:-1\" \/>\n<link rel=\"canonical\" href=\"https:\/\/vakantiehuis-in-dordogne.nl\/en\/facilities\/\" \/>\n<meta property=\"og:locale\" content=\"en_US\" \/>\n<meta property=\"og:type\" content=\"article\" \/>\n<meta property=\"og:title\" content=\"Facilities - Vakantiehuis in Dordogne: La Garenne\" \/>\n<meta property=\"og:description\" content=\"[vc_row][vc_column width=&#8221;2\/3&#8243;][vc_column_text animation_delay=&#8221;0&#8243; css=&#8221;&#8221;] Number of guests 1-6 people +baby\/toddler Bedrooms 3 Beds 5 x single beds, 1 bunk bed with double bed (2 persons 120&#215;200 cm) and 1 single bed(1 person 190&#215;90 cm), 2x toddlercrib Bed linens included Heating Electric heating and wood stove Television Satellite tv with digital channels &amp; Dutch programming Astra [&hellip;]\" \/>\n<meta property=\"og:url\" content=\"https:\/\/vakantiehuis-in-dordogne.nl\/en\/facilities\/\" \/>\n<meta property=\"og:site_name\" content=\"Vakantiehuis in Dordogne: La Garenne\" \/>\n<meta property=\"article:modified_time\" content=\"2026-04-09T11:08:34+00:00\" \/>\n<meta name=\"twitter:card\" content=\"summary_large_image\" \/>\n<meta name=\"twitter:label1\" content=\"Est. reading time\" \/>\n\t<meta name=\"twitter:data1\" content=\"6 minutes\" \/>\n<script type=\"application\/ld+json\" class=\"yoast-schema-graph\">{\"@context\":\"https:\\\/\\\/schema.org\",\"@graph\":[{\"@type\":\"WebPage\",\"@id\":\"https:\\\/\\\/vakantiehuis-in-dordogne.nl\\\/en\\\/facilities\\\/\",\"url\":\"https:\\\/\\\/vakantiehuis-in-dordogne.nl\\\/en\\\/facilities\\\/\",\"name\":\"Facilities - Vakantiehuis in Dordogne: La Garenne\",\"isPartOf\":{\"@id\":\"https:\\\/\\\/vakantiehuis-in-dordogne.nl\\\/en\\\/#website\"},\"datePublished\":\"2025-04-24T09:04:37+00:00\",\"dateModified\":\"2026-04-09T11:08:34+00:00\",\"breadcrumb\":{\"@id\":\"https:\\\/\\\/vakantiehuis-in-dordogne.nl\\\/en\\\/facilities\\\/#breadcrumb\"},\"inLanguage\":\"en-US\",\"potentialAction\":[{\"@type\":\"ReadAction\",\"target\":[\"https:\\\/\\\/vakantiehuis-in-dordogne.nl\\\/en\\\/facilities\\\/\"]}]},{\"@type\":\"BreadcrumbList\",\"@id\":\"https:\\\/\\\/vakantiehuis-in-dordogne.nl\\\/en\\\/facilities\\\/#breadcrumb\",\"itemListElement\":[{\"@type\":\"ListItem\",\"position\":1,\"name\":\"Home\",\"item\":\"https:\\\/\\\/vakantiehuis-in-dordogne.nl\\\/en\\\/\"},{\"@type\":\"ListItem\",\"position\":2,\"name\":\"Facilities\"}]},{\"@type\":\"WebSite\",\"@id\":\"https:\\\/\\\/vakantiehuis-in-dordogne.nl\\\/en\\\/#website\",\"url\":\"https:\\\/\\\/vakantiehuis-in-dordogne.nl\\\/en\\\/\",\"name\":\"Vakantiehuis in Dordogne: La Garenne\",\"description\":\"Vakantiehuis in Dordogne: La Garenne\",\"publisher\":{\"@id\":\"https:\\\/\\\/vakantiehuis-in-dordogne.nl\\\/en\\\/#organization\"},\"potentialAction\":[{\"@type\":\"SearchAction\",\"target\":{\"@type\":\"EntryPoint\",\"urlTemplate\":\"https:\\\/\\\/vakantiehuis-in-dordogne.nl\\\/en\\\/?s={search_term_string}\"},\"query-input\":{\"@type\":\"PropertyValueSpecification\",\"valueRequired\":true,\"valueName\":\"search_term_string\"}}],\"inLanguage\":\"en-US\"},{\"@type\":\"Organization\",\"@id\":\"https:\\\/\\\/vakantiehuis-in-dordogne.nl\\\/en\\\/#organization\",\"name\":\"Vakantiehuis in Dordogne\",\"url\":\"https:\\\/\\\/vakantiehuis-in-dordogne.nl\\\/en\\\/\",\"logo\":{\"@type\":\"ImageObject\",\"inLanguage\":\"en-US\",\"@id\":\"https:\\\/\\\/vakantiehuis-in-dordogne.nl\\\/en\\\/#\\\/schema\\\/logo\\\/image\\\/\",\"url\":\"\",\"contentUrl\":\"\",\"caption\":\"Vakantiehuis in Dordogne\"},\"image\":{\"@id\":\"https:\\\/\\\/vakantiehuis-in-dordogne.nl\\\/en\\\/#\\\/schema\\\/logo\\\/image\\\/\"}}]}<\/script>\n<!-- \/ Yoast SEO plugin. -->","yoast_head_json":{"title":"Facilities - Vakantiehuis in Dordogne: La Garenne","robots":{"index":"index","follow":"follow","max-snippet":"max-snippet:-1","max-image-preview":"max-image-preview:large","max-video-preview":"max-video-preview:-1"},"canonical":"https:\/\/vakantiehuis-in-dordogne.nl\/en\/facilities\/","og_locale":"en_US","og_type":"article","og_title":"Facilities - Vakantiehuis in Dordogne: La Garenne","og_description":"[vc_row][vc_column width=&#8221;2\/3&#8243;][vc_column_text animation_delay=&#8221;0&#8243; css=&#8221;&#8221;] Number of guests 1-6 people +baby\/toddler Bedrooms 3 Beds 5 x single beds, 1 bunk bed with double bed (2 persons 120&#215;200 cm) and 1 single bed(1 person 190&#215;90 cm), 2x toddlercrib Bed linens included Heating Electric heating and wood stove Television Satellite tv with digital channels &amp; Dutch programming Astra [&hellip;]","og_url":"https:\/\/vakantiehuis-in-dordogne.nl\/en\/facilities\/","og_site_name":"Vakantiehuis in Dordogne: La Garenne","article_modified_time":"2026-04-09T11:08:34+00:00","twitter_card":"summary_large_image","twitter_misc":{"Est. reading time":"6 minutes"},"schema":{"@context":"https:\/\/schema.org","@graph":[{"@type":"WebPage","@id":"https:\/\/vakantiehuis-in-dordogne.nl\/en\/facilities\/","url":"https:\/\/vakantiehuis-in-dordogne.nl\/en\/facilities\/","name":"Facilities - Vakantiehuis in Dordogne: La Garenne","isPartOf":{"@id":"https:\/\/vakantiehuis-in-dordogne.nl\/en\/#website"},"datePublished":"2025-04-24T09:04:37+00:00","dateModified":"2026-04-09T11:08:34+00:00","breadcrumb":{"@id":"https:\/\/vakantiehuis-in-dordogne.nl\/en\/facilities\/#breadcrumb"},"inLanguage":"en-US","potentialAction":[{"@type":"ReadAction","target":["https:\/\/vakantiehuis-in-dordogne.nl\/en\/facilities\/"]}]},{"@type":"BreadcrumbList","@id":"https:\/\/vakantiehuis-in-dordogne.nl\/en\/facilities\/#breadcrumb","itemListElement":[{"@type":"ListItem","position":1,"name":"Home","item":"https:\/\/vakantiehuis-in-dordogne.nl\/en\/"},{"@type":"ListItem","position":2,"name":"Facilities"}]},{"@type":"WebSite","@id":"https:\/\/vakantiehuis-in-dordogne.nl\/en\/#website","url":"https:\/\/vakantiehuis-in-dordogne.nl\/en\/","name":"Vakantiehuis in Dordogne: La Garenne","description":"Vakantiehuis in Dordogne: La Garenne","publisher":{"@id":"https:\/\/vakantiehuis-in-dordogne.nl\/en\/#organization"},"potentialAction":[{"@type":"SearchAction","target":{"@type":"EntryPoint","urlTemplate":"https:\/\/vakantiehuis-in-dordogne.nl\/en\/?s={search_term_string}"},"query-input":{"@type":"PropertyValueSpecification","valueRequired":true,"valueName":"search_term_string"}}],"inLanguage":"en-US"},{"@type":"Organization","@id":"https:\/\/vakantiehuis-in-dordogne.nl\/en\/#organization","name":"Vakantiehuis in Dordogne","url":"https:\/\/vakantiehuis-in-dordogne.nl\/en\/","logo":{"@type":"ImageObject","inLanguage":"en-US","@id":"https:\/\/vakantiehuis-in-dordogne.nl\/en\/#\/schema\/logo\/image\/","url":"","contentUrl":"","caption":"Vakantiehuis in Dordogne"},"image":{"@id":"https:\/\/vakantiehuis-in-dordogne.nl\/en\/#\/schema\/logo\/image\/"}}]}},"_links":{"self":[{"href":"https:\/\/vakantiehuis-in-dordogne.nl\/en\/wp-json\/wp\/v2\/pages\/3045","targetHints":{"allow":["GET"]}}],"collection":[{"href":"https:\/\/vakantiehuis-in-dordogne.nl\/en\/wp-json\/wp\/v2\/pages"}],"about":[{"href":"https:\/\/vakantiehuis-in-dordogne.nl\/en\/wp-json\/wp\/v2\/types\/page"}],"author":[{"embeddable":true,"href":"https:\/\/vakantiehuis-in-dordogne.nl\/en\/wp-json\/wp\/v2\/users\/1"}],"replies":[{"embeddable":true,"href":"https:\/\/vakantiehuis-in-dordogne.nl\/en\/wp-json\/wp\/v2\/comments?post=3045"}],"version-history":[{"count":2,"href":"https:\/\/vakantiehuis-in-dordogne.nl\/en\/wp-json\/wp\/v2\/pages\/3045\/revisions"}],"predecessor-version":[{"id":3079,"href":"https:\/\/vakantiehuis-in-dordogne.nl\/en\/wp-json\/wp\/v2\/pages\/3045\/revisions\/3079"}],"wp:attachment":[{"href":"https:\/\/vakantiehuis-in-dordogne.nl\/en\/wp-json\/wp\/v2\/media?parent=3045"}],"curies":[{"name":"wp","href":"https:\/\/api.w.org\/{rel}","templated":true}]}}